{"id":11687,"date":"2024-01-11T12:13:33","date_gmt":"2024-01-11T17:13:33","guid":{"rendered":"https:\/\/futswap.se\/verification-required\/"},"modified":"2024-01-11T12:13:33","modified_gmt":"2024-01-11T17:13:33","slug":"verificacion-requerida","status":"publish","type":"page","link":"https:\/\/futswap.se\/es\/verificacion-requerida\/","title":{"rendered":"Verificaci\u00f3n requerida"},"content":{"rendered":"<blockquote>\n<p>[tot-reputation-status auto-launch-when-not-verified=&#8221;false&#8221; ]<\/p>\n\n<\/blockquote>\n<p>Personalice esta p\u00e1gina para satisfacer sus necesidades. Esto se hace desde el men\u00fa de p\u00e1ginas de wp-admin para este t\u00edtulo. Aqu\u00ed hay algunas cosas que quiz\u00e1s quieras aprovechar en esta p\u00e1gina:<\/p>\n<ul>\n<li><strong>Proporcionar contexto<\/strong> \u2013 D\u00edgale al usuario por qu\u00e9 est\u00e1 all\u00ed. Por ejemplo, para realizar el pago deber\u00e1s estar verificado.<\/li>\n<li><strong>C\u00f3digo corto: &#039;estado-de-reputaci\u00f3n-tot&#039;<\/strong> \u2013 recomendado y utilizado anteriormente. inserta una descripci\u00f3n de texto del estado actual del usuario. Si a\u00fan no est\u00e1n verificados, agrega un enlace para verificarlos.<\/li>\n<li><strong>C\u00f3digo corto: &#039;tot-wp-embed&#039;<\/strong> \u2013 (uso con precauci\u00f3n) incluye una variedad de widgets que permiten al usuario ver su estado actual. Estos incluyen botones que podr\u00edan desviar a los usuarios del flujo deseado.  <a href=\"https:\/\/tokenoftrust.com\/docs\/integrations\/wordpress\/?conversion_source=wordpress&#038;utm_source=wordpress-v-1.7.4&#038;plugins=code-snippets,custom-css-js,dreamhost-panel-login.php,elementor-pro,elementor,fluid-checkout,litespeed-cache,mailjet-for-wordpress,payerurl-crypto-currency-payment-gateway-for-woocommerce,post-smtp,redirection,tidio-live-chat,token-of-trust,translatepress-business,translatepress-multilingual,woo-stripe-payment,woocommerce,wordfence,wordpress-seo&#038;utm_medium=app&#038;utm_campaign=wordpress&#038;utm_content=wordpress_plugin&#038;utm_term=sign-up-page&#038;source_url=https%3A%2F%2Ffutswap.se%2Fwp-admin%2Fplugins.php%3Factivate%3Dtrue%26plugin_status%3Dall%26paged%3D1%26s%3D#common-pages\">M\u00e1s informaci\u00f3n.<\/a><\/li>\n<li><strong>Inicio autom\u00e1tico cuando no est\u00e1 verificado: &#039;inicio-autom\u00e1tico-cuando-no-verificado&#039;<\/strong> \u2013 busque este atributo en esta p\u00e1gina predefinida y config\u00farelo en &quot;verdadero&quot; para iniciar autom\u00e1ticamente. Tenga cuidado: le recomendamos que haga esto s\u00f3lo si sus usuarios est\u00e1n preparados para recibir una ventana emergente para verificarlos. No realizamos un inicio autom\u00e1tico, sino que preparamos el escenario dici\u00e9ndoles lo que va a suceder y luego permiti\u00e9ndoles hacer clic en un bot\u00f3n para comenzar.<\/li>\n\n<\/ul>\n\n<p>Referencias:<\/p>\n<ul>\n<li><a href=\"https:\/\/www.wonderplugin.com\/wordpress-carousel-plugin\/how-to-add-shortcode-to-the-new-gutenberg-editor\/\" target=\"_blank\" rel=\"noopener\">C\u00f3mo agregar c\u00f3digos cortos a una p\u00e1gina<\/a><\/li>\n<\/ul>","protected":false},"excerpt":{"rendered":"<p>Customize this page to meet your needs. This is done from the wp-admin Pages menu for this title. Here are some things you might might want to leverage on this page: Provide Context &#8211; Tell the user why they are there. e.g. In order to checkout you&#8217;ll need to get verified. Shortcode: &#8216;tot-reputation-status&#8217; &#8211; recommended [&hellip;]<\/p>","protected":false},"author":4,"featured_media":0,"parent":0,"menu_order":0,"comment_status":"closed","ping_status":"closed","template":"","meta":{"footnotes":""},"class_list":["post-11687","page","type-page","status-publish","hentry"],"_links":{"self":[{"href":"https:\/\/futswap.se\/es\/wp-json\/wp\/v2\/pages\/11687","targetHints":{"allow":["GET"]}}],"collection":[{"href":"https:\/\/futswap.se\/es\/wp-json\/wp\/v2\/pages"}],"about":[{"href":"https:\/\/futswap.se\/es\/wp-json\/wp\/v2\/types\/page"}],"author":[{"embeddable":true,"href":"https:\/\/futswap.se\/es\/wp-json\/wp\/v2\/users\/4"}],"replies":[{"embeddable":true,"href":"https:\/\/futswap.se\/es\/wp-json\/wp\/v2\/comments?post=11687"}],"version-history":[{"count":0,"href":"https:\/\/futswap.se\/es\/wp-json\/wp\/v2\/pages\/11687\/revisions"}],"wp:attachment":[{"href":"https:\/\/futswap.se\/es\/wp-json\/wp\/v2\/media?parent=11687"}],"curies":[{"name":"wp","href":"https:\/\/api.w.org\/{rel}","templated":true}]}}