{"id":11687,"date":"2024-01-11T12:13:33","date_gmt":"2024-01-11T17:13:33","guid":{"rendered":"https:\/\/futswap.se\/verification-required\/"},"modified":"2024-01-11T12:13:33","modified_gmt":"2024-01-11T17:13:33","slug":"verificacao-necessaria","status":"publish","type":"page","link":"https:\/\/futswap.se\/pt\/verificacao-necessaria\/","title":{"rendered":"Verifica\u00e7\u00e3o necess\u00e1ria"},"content":{"rendered":"<blockquote>\n<p>[tot-reputation-status auto-launch-when-not-verified=\u201dfalse\u201d ]<\/p>\n\n<\/blockquote>\n<p>Personalize esta p\u00e1gina para atender \u00e0s suas necessidades. Isso \u00e9 feito no menu p\u00e1ginas wp-admin para este t\u00edtulo. Aqui est\u00e3o algumas coisas que voc\u00ea pode querer aproveitar nesta p\u00e1gina:<\/p>\n<ul>\n<li><strong>Forne\u00e7a contexto<\/strong> \u2013 Diga ao usu\u00e1rio por que ele est\u00e1 l\u00e1. por exemplo, para finalizar a compra, voc\u00ea precisar\u00e1 ser verificado.<\/li>\n<li><strong>C\u00f3digo curto: &#039;status de reputa\u00e7\u00e3o tot&#039;<\/strong> \u2013 recomendado e usado acima. insere uma descri\u00e7\u00e3o de texto do estado atual do usu\u00e1rio. Se eles ainda n\u00e3o foram verificados, adiciona um link para serem verificados.<\/li>\n<li><strong>C\u00f3digo curto: &#039;tot-wp-embed&#039;<\/strong> \u2013 (use com cuidado) inclui uma variedade de widgets que permitem ao usu\u00e1rio ver seu status atual. Isso inclui bot\u00f5es que podem desviar os usu\u00e1rios do fluxo pretendido.  <a href=\"https:\/\/tokenoftrust.com\/docs\/integrations\/wordpress\/?conversion_source=wordpress&#038;utm_source=wordpress-v-1.7.4&#038;plugins=code-snippets,custom-css-js,dreamhost-panel-login.php,elementor-pro,elementor,fluid-checkout,litespeed-cache,mailjet-for-wordpress,payerurl-crypto-currency-payment-gateway-for-woocommerce,post-smtp,redirection,tidio-live-chat,token-of-trust,translatepress-business,translatepress-multilingual,woo-stripe-payment,woocommerce,wordfence,wordpress-seo&#038;utm_medium=app&#038;utm_campaign=wordpress&#038;utm_content=wordpress_plugin&#038;utm_term=sign-up-page&#038;source_url=https%3A%2F%2Ffutswap.se%2Fwp-admin%2Fplugins.php%3Factivate%3Dtrue%26plugin_status%3Dall%26paged%3D1%26s%3D#common-pages\">Mais Informa\u00e7\u00f5es.<\/a><\/li>\n<li><strong>Lan\u00e7amento autom\u00e1tico quando n\u00e3o verificado: &#039;lan\u00e7amento autom\u00e1tico quando n\u00e3o verificado&#039;<\/strong> \u2013 pesquise este atributo nesta p\u00e1gina predefinida e defina como \u201ctrue\u201d para inicializa\u00e7\u00e3o autom\u00e1tica. Tenha cuidado aqui \u2013 recomendamos que voc\u00ea fa\u00e7a isso apenas se seus usu\u00e1rios estiverem preparados para um pop-up para verific\u00e1-los. N\u00e3o iniciamos automaticamente e, em vez disso, preparamos o cen\u00e1rio, dizendo-lhes o que vai acontecer e, em seguida, permitindo que cliquem em um bot\u00e3o para come\u00e7ar.<\/li>\n\n<\/ul>\n\n<p>Refer\u00eancias:<\/p>\n<ul>\n<li><a href=\"https:\/\/www.wonderplugin.com\/wordpress-carousel-plugin\/how-to-add-shortcode-to-the-new-gutenberg-editor\/\" target=\"_blank\" rel=\"noopener\">Como adicionar c\u00f3digos de acesso a uma p\u00e1gina<\/a><\/li>\n<\/ul>","protected":false},"excerpt":{"rendered":"<p>Customize this page to meet your needs. This is done from the wp-admin Pages menu for this title. Here are some things you might might want to leverage on this page: Provide Context &#8211; Tell the user why they are there. e.g. In order to checkout you&#8217;ll need to get verified. Shortcode: &#8216;tot-reputation-status&#8217; &#8211; recommended [&hellip;]<\/p>","protected":false},"author":4,"featured_media":0,"parent":0,"menu_order":0,"comment_status":"closed","ping_status":"closed","template":"","meta":{"footnotes":""},"class_list":["post-11687","page","type-page","status-publish","hentry"],"_links":{"self":[{"href":"https:\/\/futswap.se\/pt\/wp-json\/wp\/v2\/pages\/11687","targetHints":{"allow":["GET"]}}],"collection":[{"href":"https:\/\/futswap.se\/pt\/wp-json\/wp\/v2\/pages"}],"about":[{"href":"https:\/\/futswap.se\/pt\/wp-json\/wp\/v2\/types\/page"}],"author":[{"embeddable":true,"href":"https:\/\/futswap.se\/pt\/wp-json\/wp\/v2\/users\/4"}],"replies":[{"embeddable":true,"href":"https:\/\/futswap.se\/pt\/wp-json\/wp\/v2\/comments?post=11687"}],"version-history":[{"count":0,"href":"https:\/\/futswap.se\/pt\/wp-json\/wp\/v2\/pages\/11687\/revisions"}],"wp:attachment":[{"href":"https:\/\/futswap.se\/pt\/wp-json\/wp\/v2\/media?parent=11687"}],"curies":[{"name":"wp","href":"https:\/\/api.w.org\/{rel}","templated":true}]}}